{"id":71,"date":"2021-12-31T06:11:45","date_gmt":"2021-12-31T06:11:45","guid":{"rendered":"https:\/\/malopolskiecentrumsztuki.pl\/?page_id=71"},"modified":"2022-04-26T10:22:52","modified_gmt":"2022-04-26T10:22:52","slug":"cel","status":"publish","type":"page","link":"https:\/\/malopolskiecentrumsztuki.pl\/index.php\/cel\/","title":{"rendered":"cel dzia\u0142ania"},"content":{"rendered":"\n<div class=\"wp-block-image\"><figure class=\"aligncenter size-medium\"><img loading=\"lazy\" decoding=\"async\" width=\"300\" height=\"141\" src=\"https:\/\/malopolskiecentrumsztuki.pl\/wp-content\/uploads\/2021\/12\/Logo_MCS_biale-300x141.png\" alt=\"Logo Ma\u0142opolskiego Centrum Sztuki\" class=\"wp-image-39\" srcset=\"https:\/\/malopolskiecentrumsztuki.pl\/wp-content\/uploads\/2021\/12\/Logo_MCS_biale-300x141.png 300w, https:\/\/malopolskiecentrumsztuki.pl\/wp-content\/uploads\/2021\/12\/Logo_MCS_biale.png 442w\" sizes=\"auto, (max-width: 300px) 100vw, 300px\" \/><\/figure><\/div>\n\n\n\n<p>Celem Fundacji<strong> <span class=\"has-inline-color has-dark-orange-color\">Ma\u0142opolskie Centrum Sztuki<\/span> <\/strong>jest popieranie wszechstronnego rozwoju polskiego spo\u0142ecze\u0144stwa poprzez prowadzenie i wspieranie dzia\u0142alno\u015bci o\u015bwiatowej, naukowej, kulturalnej i spo\u0142ecznej na rzecz:<\/p>\n\n\n\n<ul class=\"wp-block-list\"><li>rozwoju i popularyzacji o\u015bwiaty, kultury, dzia\u0142alno\u015bci artystycznej w\u015br\u00f3d dzieci, m\u0142odzie\u017cy i doros\u0142ych a w szczeg\u00f3lno\u015bci os\u00f3b przewlekle chorych, niepe\u0142nosprawnych, z rodzin ubogich, z dom\u00f3w dziecka, zwanych dalej podopiecznymi,<\/li><li>wspierania dzia\u0142alno\u015bci na rzecz integracji spo\u0142ecznej ograniczaj\u0105cej wykluczenia spo\u0142eczne i kulturowe podopiecznych Fundacji,<\/li><li>pomocy podopiecznym w rozwoju artystycznym, naukowym i opieki nad nimi,<\/li><li>pomocy i wsparcia w organizowaniu wyst\u0119p\u00f3w artystycznych podopiecznych Fundacji,<\/li><li>popularyzacji polskich tw\u00f3rc\u00f3w, artyst\u00f3w w tym podopiecznych Fundacji,<\/li><li>integracji dzieci i m\u0142odzie\u017cy z r\u00f3\u017cnych grup i \u015brodowisk, np. niepe\u0142nosprawnych z pe\u0142nosprawnymi<\/li><\/ul>\n\n\n\n<p><\/p>\n\n\n\n<h2 class=\"wp-block-heading\"><strong>Czym si\u0119 zajmujemy:<\/strong><\/h2>\n\n\n\n<ul class=\"wp-block-list\"><li>szeroko poj\u0119t\u0105 edukacj\u0105 muzyczn\u0105<\/li><li>tworzeniem edukacyjnych materia\u0142\u00f3w muzycznych, w tym dla os\u00f3b niewidz\u0105cych<\/li><li>popularyzacj\u0105 polskiej sztuki z naciskiem na muzyk\u0119, teatr i sztuki audiowizualne<\/li><li>kompozycj\u0105, aran\u017cacj\u0105, produkcj\u0105 muzyczn\u0105<\/li><li>dzia\u0142aniami teatralnymi i filmowymi<\/li><\/ul>\n","protected":false},"excerpt":{"rendered":"<p>Celem Fundacji Ma\u0142opolskie Centrum Sztuki jest popieranie wszechstronnego rozwoju polskiego spo\u0142ecze\u0144stwa poprzez prowadzenie i wspieranie dzia\u0142alno\u015bci o\u015bwiatowej, naukowej, kulturalnej i<\/p>\n<p><span class=\"more-link\"><a href=\"https:\/\/malopolskiecentrumsztuki.pl\/index.php\/cel\/\" class=\"readmore\">Continue reading<span class=\"screen-reader-text\">cel dzia\u0142ania<\/span><\/a><\/span><\/p>\n","protected":false},"author":12,"featured_media":0,"parent":0,"menu_order":0,"comment_status":"closed","ping_status":"closed","template":"","meta":{"footnotes":""},"class_list":["post-71","page","type-page","status-publish","hentry"],"_links":{"self":[{"href":"https:\/\/malopolskiecentrumsztuki.pl\/index.php\/wp-json\/wp\/v2\/pages\/71","targetHints":{"allow":["GET"]}}],"collection":[{"href":"https:\/\/malopolskiecentrumsztuki.pl\/index.php\/wp-json\/wp\/v2\/pages"}],"about":[{"href":"https:\/\/malopolskiecentrumsztuki.pl\/index.php\/wp-json\/wp\/v2\/types\/page"}],"author":[{"embeddable":true,"href":"https:\/\/malopolskiecentrumsztuki.pl\/index.php\/wp-json\/wp\/v2\/users\/12"}],"replies":[{"embeddable":true,"href":"https:\/\/malopolskiecentrumsztuki.pl\/index.php\/wp-json\/wp\/v2\/comments?post=71"}],"version-history":[{"count":8,"href":"https:\/\/malopolskiecentrumsztuki.pl\/index.php\/wp-json\/wp\/v2\/pages\/71\/revisions"}],"predecessor-version":[{"id":140,"href":"https:\/\/malopolskiecentrumsztuki.pl\/index.php\/wp-json\/wp\/v2\/pages\/71\/revisions\/140"}],"wp:attachment":[{"href":"https:\/\/malopolskiecentrumsztuki.pl\/index.php\/wp-json\/wp\/v2\/media?parent=71"}],"curies":[{"name":"wp","href":"https:\/\/api.w.org\/{rel}","templated":true}]}}